{"id":8,"date":"2025-12-18T09:32:21","date_gmt":"2025-12-18T09:32:21","guid":{"rendered":"http:\/\/actionsdavenir95.fr\/?page_id=8"},"modified":"2025-12-22T07:26:35","modified_gmt":"2025-12-22T07:26:35","slug":"about","status":"publish","type":"page","link":"https:\/\/actionsdavenir95.fr\/index.php\/about\/","title":{"rendered":"Acc\u00e8s aux droits"},"content":{"rendered":"\t\t<div data-elementor-type=\"wp-page\" data-elementor-id=\"8\" class=\"elementor elementor-8\">\n\t\t\t\t<div class=\"elementor-element elementor-element-f1bc17a e-flex e-con-boxed e-con e-parent\" data-id=\"f1bc17a\" data-element_type=\"container\">\n\t\t\t\t\t<div class=\"e-con-inner\">\n\t\t\t\t<div class=\"elementor-element elementor-element-5d3e206 elementor-widget elementor-widget-spacer\" data-id=\"5d3e206\" data-element_type=\"widget\" data-widget_type=\"spacer.default\">\n\t\t\t\t\t\t\t<div class=\"elementor-spacer\">\n\t\t\t<div class=\"elementor-spacer-inner\"><\/div>\n\t\t<\/div>\n\t\t\t\t\t\t<\/div>\n\t\t\t\t\t<\/div>\n\t\t\t\t<\/div>\n\t\t<div class=\"elementor-element elementor-element-42b434e e-flex e-con-boxed e-con e-parent\" data-id=\"42b434e\" data-element_type=\"container\">\n\t\t\t\t\t<div class=\"e-con-inner\">\n\t\t\t\t<div class=\"elementor-element elementor-element-e6e62f5 elementor-widget elementor-widget-heading\" data-id=\"e6e62f5\" data-element_type=\"widget\" data-widget_type=\"heading.default\">\n\t\t\t\t\t<h2 class=\"elementor-heading-title elementor-size-default\">Acc\u00e8s aux droits<\/h2>\t\t\t\t<\/div>\n\t\t\t\t\t<\/div>\n\t\t\t\t<\/div>\n\t\t<div class=\"elementor-element elementor-element-cc7635a e-flex e-con-boxed e-con e-parent\" data-id=\"cc7635a\" data-element_type=\"container\">\n\t\t\t\t\t<div class=\"e-con-inner\">\n\t\t<div class=\"elementor-element elementor-element-af2d442 e-con-full e-flex e-con e-child\" data-id=\"af2d442\" data-element_type=\"container\">\n\t\t\t\t<div class=\"elementor-element elementor-element-90f2854 elementor-widget elementor-widget-image\" data-id=\"90f2854\" data-element_type=\"widget\" data-widget_type=\"image.default\">\n\t\t\t\t\t\t\t\t\t\t\t\t\t\t\t<img fetchpriority=\"high\" decoding=\"async\" width=\"1024\" height=\"1024\" src=\"https:\/\/actionsdavenir95.fr\/wp-content\/uploads\/2025\/12\/193495012_100998612214848_200721274108091212_n-1024x1024.jpg\" class=\"attachment-large size-large wp-image-147\" alt=\"\" srcset=\"https:\/\/actionsdavenir95.fr\/wp-content\/uploads\/2025\/12\/193495012_100998612214848_200721274108091212_n-1024x1024.jpg 1024w, https:\/\/actionsdavenir95.fr\/wp-content\/uploads\/2025\/12\/193495012_100998612214848_200721274108091212_n-300x300.jpg 300w, https:\/\/actionsdavenir95.fr\/wp-content\/uploads\/2025\/12\/193495012_100998612214848_200721274108091212_n-150x150.jpg 150w, https:\/\/actionsdavenir95.fr\/wp-content\/uploads\/2025\/12\/193495012_100998612214848_200721274108091212_n-768x768.jpg 768w, https:\/\/actionsdavenir95.fr\/wp-content\/uploads\/2025\/12\/193495012_100998612214848_200721274108091212_n.jpg 1440w\" sizes=\"(max-width: 1024px) 100vw, 1024px\" \/>\t\t\t\t\t\t\t\t\t\t\t\t\t\t\t<\/div>\n\t\t\t\t<\/div>\n\t\t<div class=\"elementor-element elementor-element-b36cfd4 e-con-full e-flex e-con e-child\" data-id=\"b36cfd4\" data-element_type=\"container\">\n\t\t\t\t<div class=\"elementor-element elementor-element-e6a1fb8 elementor-widget elementor-widget-text-editor\" data-id=\"e6a1fb8\" data-element_type=\"widget\" data-widget_type=\"text-editor.default\">\n\t\t\t\t\t\t\t\t\t<p>l&rsquo;association se diversifie et adapte ses missions \u00e0 certains contextes particuliers. <br \/>Ainsi, la crise sanitaire actuelle oblige l&rsquo;association \u00e0 mener diff\u00e9remment ses missions en mettant en place un suivi \u00e0 distance de ses usagers et en s&rsquo;int\u00e9ressant non plus s_jl1lement \u00e0 leur difficult\u00e9 administrative mais \u00e0 leur besoin m\u00e9dical, financie\/et alimentaire. <br \/>L&rsquo; asrciation assure le relais entre ses adh\u00e9rents et ses partenaires ( appel service, l&rsquo;asfociation scpa, secours populaire, etc &#8230; ) et les institutions (caf, s\u00e9curit\u00e9<\/p>\t\t\t\t\t\t\t\t<\/div>\n\t\t\t\t<\/div>\n\t\t\t\t\t<\/div>\n\t\t\t\t<\/div>\n\t\t\t\t<\/div>\n\t\t","protected":false},"excerpt":{"rendered":"<p>Acc\u00e8s aux droits l&rsquo;association se diversifie et adapte ses missions \u00e0 certains contextes particuliers. Ainsi, la crise sanitaire actuelle oblige l&rsquo;association \u00e0 mener diff\u00e9remment ses missions en mettant en place un suivi \u00e0 distance de ses usagers et en s&rsquo;int\u00e9ressant non plus s_jl1lement \u00e0 leur difficult\u00e9 administrative mais \u00e0 leur besoin m\u00e9dical, financie\/et alimentaire. L&rsquo;&hellip;&nbsp;<a href=\"https:\/\/actionsdavenir95.fr\/index.php\/about\/\" rel=\"bookmark\"><span class=\"screen-reader-text\">Acc\u00e8s aux droits<\/span><\/a><\/p>\n","protected":false},"author":1,"featured_media":0,"parent":0,"menu_order":0,"comment_status":"closed","ping_status":"closed","template":"","meta":{"om_disable_all_campaigns":false,"_monsterinsights_skip_tracking":false,"_monsterinsights_sitenote_active":false,"_monsterinsights_sitenote_note":"","_monsterinsights_sitenote_category":0,"neve_meta_sidebar":"","neve_meta_container":"","neve_meta_enable_content_width":"on","neve_meta_content_width":100,"neve_meta_title_alignment":"","neve_meta_author_avatar":"","neve_post_elements_order":"","neve_meta_disable_header":"","neve_meta_disable_footer":"","neve_meta_disable_title":"on","footnotes":""},"class_list":["post-8","page","type-page","status-publish","hentry"],"aioseo_notices":[],"yoast_head":"<!-- This site is optimized with the Yoast SEO plugin v26.6 - https:\/\/yoast.com\/wordpress\/plugins\/seo\/ -->\n<title>Acc\u00e8s aux droits - Actions d&#039;avenir<\/title>\n<meta name=\"robots\" content=\"index, follow, max-snippet:-1, max-image-preview:large, max-video-preview:-1\" \/>\n<link rel=\"canonical\" href=\"https:\/\/actionsdavenir95.fr\/index.php\/about\/\" \/>\n<meta property=\"og:locale\" content=\"fr_FR\" \/>\n<meta property=\"og:type\" content=\"article\" \/>\n<meta property=\"og:title\" content=\"Acc\u00e8s aux droits - Actions d&#039;avenir\" \/>\n<meta property=\"og:description\" content=\"Acc\u00e8s aux droits l&rsquo;association se diversifie et adapte ses missions \u00e0 certains contextes particuliers. Ainsi, la crise sanitaire actuelle oblige l&rsquo;association \u00e0 mener diff\u00e9remment ses missions en mettant en place un suivi \u00e0 distance de ses usagers et en s&rsquo;int\u00e9ressant non plus s_jl1lement \u00e0 leur difficult\u00e9 administrative mais \u00e0 leur besoin m\u00e9dical, financie\/et alimentaire. L&rsquo;&hellip;&nbsp;Acc\u00e8s aux droits\" \/>\n<meta property=\"og:url\" content=\"https:\/\/actionsdavenir95.fr\/index.php\/about\/\" \/>\n<meta property=\"og:site_name\" content=\"Actions d&#039;avenir\" \/>\n<meta property=\"article:publisher\" content=\"https:\/\/www.facebook.com\/p\/Actions-dAvenir-95-100070952537895\/\" \/>\n<meta property=\"article:modified_time\" content=\"2025-12-22T07:26:35+00:00\" \/>\n<meta property=\"og:image\" content=\"http:\/\/actionsdavenir95.fr\/wp-content\/uploads\/2025\/12\/193495012_100998612214848_200721274108091212_n-1024x1024.jpg\" \/>\n<meta name=\"twitter:card\" content=\"summary_large_image\" \/>\n<meta name=\"twitter:label1\" content=\"Dur\u00e9e de lecture estim\u00e9e\" \/>\n\t<meta name=\"twitter:data1\" content=\"1 minute\" \/>\n<script type=\"application\/ld+json\" class=\"yoast-schema-graph\">{\"@context\":\"https:\/\/schema.org\",\"@graph\":[{\"@type\":\"WebPage\",\"@id\":\"https:\/\/actionsdavenir95.fr\/index.php\/about\/\",\"url\":\"https:\/\/actionsdavenir95.fr\/index.php\/about\/\",\"name\":\"Acc\u00e8s aux droits - Actions d&#039;avenir\",\"isPartOf\":{\"@id\":\"http:\/\/actionsdavenir95.fr\/#website\"},\"primaryImageOfPage\":{\"@id\":\"https:\/\/actionsdavenir95.fr\/index.php\/about\/#primaryimage\"},\"image\":{\"@id\":\"https:\/\/actionsdavenir95.fr\/index.php\/about\/#primaryimage\"},\"thumbnailUrl\":\"http:\/\/actionsdavenir95.fr\/wp-content\/uploads\/2025\/12\/193495012_100998612214848_200721274108091212_n-1024x1024.jpg\",\"datePublished\":\"2025-12-18T09:32:21+00:00\",\"dateModified\":\"2025-12-22T07:26:35+00:00\",\"breadcrumb\":{\"@id\":\"https:\/\/actionsdavenir95.fr\/index.php\/about\/#breadcrumb\"},\"inLanguage\":\"fr-FR\",\"potentialAction\":[{\"@type\":\"ReadAction\",\"target\":[\"https:\/\/actionsdavenir95.fr\/index.php\/about\/\"]}]},{\"@type\":\"ImageObject\",\"inLanguage\":\"fr-FR\",\"@id\":\"https:\/\/actionsdavenir95.fr\/index.php\/about\/#primaryimage\",\"url\":\"https:\/\/actionsdavenir95.fr\/wp-content\/uploads\/2025\/12\/193495012_100998612214848_200721274108091212_n.jpg\",\"contentUrl\":\"https:\/\/actionsdavenir95.fr\/wp-content\/uploads\/2025\/12\/193495012_100998612214848_200721274108091212_n.jpg\",\"width\":1440,\"height\":1440},{\"@type\":\"BreadcrumbList\",\"@id\":\"https:\/\/actionsdavenir95.fr\/index.php\/about\/#breadcrumb\",\"itemListElement\":[{\"@type\":\"ListItem\",\"position\":1,\"name\":\"Accueil\",\"item\":\"http:\/\/actionsdavenir95.fr\/\"},{\"@type\":\"ListItem\",\"position\":2,\"name\":\"Acc\u00e8s aux droits\"}]},{\"@type\":\"WebSite\",\"@id\":\"http:\/\/actionsdavenir95.fr\/#website\",\"url\":\"http:\/\/actionsdavenir95.fr\/\",\"name\":\"actionsdavenir95\",\"description\":\"\",\"publisher\":{\"@id\":\"http:\/\/actionsdavenir95.fr\/#organization\"},\"potentialAction\":[{\"@type\":\"SearchAction\",\"target\":{\"@type\":\"EntryPoint\",\"urlTemplate\":\"http:\/\/actionsdavenir95.fr\/?s={search_term_string}\"},\"query-input\":{\"@type\":\"PropertyValueSpecification\",\"valueRequired\":true,\"valueName\":\"search_term_string\"}}],\"inLanguage\":\"fr-FR\"},{\"@type\":\"Organization\",\"@id\":\"http:\/\/actionsdavenir95.fr\/#organization\",\"name\":\"actionsdavenir95\",\"url\":\"http:\/\/actionsdavenir95.fr\/\",\"logo\":{\"@type\":\"ImageObject\",\"inLanguage\":\"fr-FR\",\"@id\":\"http:\/\/actionsdavenir95.fr\/#\/schema\/logo\/image\/\",\"url\":\"https:\/\/actionsdavenir95.fr\/wp-content\/uploads\/2025\/12\/cropped-logo-actions-davenir-1.png\",\"contentUrl\":\"https:\/\/actionsdavenir95.fr\/wp-content\/uploads\/2025\/12\/cropped-logo-actions-davenir-1.png\",\"width\":512,\"height\":512,\"caption\":\"actionsdavenir95\"},\"image\":{\"@id\":\"http:\/\/actionsdavenir95.fr\/#\/schema\/logo\/image\/\"},\"sameAs\":[\"https:\/\/www.facebook.com\/p\/Actions-dAvenir-95-100070952537895\/\"]}]}<\/script>\n<!-- \/ Yoast SEO plugin. -->","yoast_head_json":{"title":"Acc\u00e8s aux droits - Actions d&#039;avenir","robots":{"index":"index","follow":"follow","max-snippet":"max-snippet:-1","max-image-preview":"max-image-preview:large","max-video-preview":"max-video-preview:-1"},"canonical":"https:\/\/actionsdavenir95.fr\/index.php\/about\/","og_locale":"fr_FR","og_type":"article","og_title":"Acc\u00e8s aux droits - Actions d&#039;avenir","og_description":"Acc\u00e8s aux droits l&rsquo;association se diversifie et adapte ses missions \u00e0 certains contextes particuliers. Ainsi, la crise sanitaire actuelle oblige l&rsquo;association \u00e0 mener diff\u00e9remment ses missions en mettant en place un suivi \u00e0 distance de ses usagers et en s&rsquo;int\u00e9ressant non plus s_jl1lement \u00e0 leur difficult\u00e9 administrative mais \u00e0 leur besoin m\u00e9dical, financie\/et alimentaire. L&rsquo;&hellip;&nbsp;Acc\u00e8s aux droits","og_url":"https:\/\/actionsdavenir95.fr\/index.php\/about\/","og_site_name":"Actions d&#039;avenir","article_publisher":"https:\/\/www.facebook.com\/p\/Actions-dAvenir-95-100070952537895\/","article_modified_time":"2025-12-22T07:26:35+00:00","og_image":[{"url":"http:\/\/actionsdavenir95.fr\/wp-content\/uploads\/2025\/12\/193495012_100998612214848_200721274108091212_n-1024x1024.jpg","type":"","width":"","height":""}],"twitter_card":"summary_large_image","twitter_misc":{"Dur\u00e9e de lecture estim\u00e9e":"1 minute"},"schema":{"@context":"https:\/\/schema.org","@graph":[{"@type":"WebPage","@id":"https:\/\/actionsdavenir95.fr\/index.php\/about\/","url":"https:\/\/actionsdavenir95.fr\/index.php\/about\/","name":"Acc\u00e8s aux droits - Actions d&#039;avenir","isPartOf":{"@id":"http:\/\/actionsdavenir95.fr\/#website"},"primaryImageOfPage":{"@id":"https:\/\/actionsdavenir95.fr\/index.php\/about\/#primaryimage"},"image":{"@id":"https:\/\/actionsdavenir95.fr\/index.php\/about\/#primaryimage"},"thumbnailUrl":"http:\/\/actionsdavenir95.fr\/wp-content\/uploads\/2025\/12\/193495012_100998612214848_200721274108091212_n-1024x1024.jpg","datePublished":"2025-12-18T09:32:21+00:00","dateModified":"2025-12-22T07:26:35+00:00","breadcrumb":{"@id":"https:\/\/actionsdavenir95.fr\/index.php\/about\/#breadcrumb"},"inLanguage":"fr-FR","potentialAction":[{"@type":"ReadAction","target":["https:\/\/actionsdavenir95.fr\/index.php\/about\/"]}]},{"@type":"ImageObject","inLanguage":"fr-FR","@id":"https:\/\/actionsdavenir95.fr\/index.php\/about\/#primaryimage","url":"https:\/\/actionsdavenir95.fr\/wp-content\/uploads\/2025\/12\/193495012_100998612214848_200721274108091212_n.jpg","contentUrl":"https:\/\/actionsdavenir95.fr\/wp-content\/uploads\/2025\/12\/193495012_100998612214848_200721274108091212_n.jpg","width":1440,"height":1440},{"@type":"BreadcrumbList","@id":"https:\/\/actionsdavenir95.fr\/index.php\/about\/#breadcrumb","itemListElement":[{"@type":"ListItem","position":1,"name":"Accueil","item":"http:\/\/actionsdavenir95.fr\/"},{"@type":"ListItem","position":2,"name":"Acc\u00e8s aux droits"}]},{"@type":"WebSite","@id":"http:\/\/actionsdavenir95.fr\/#website","url":"http:\/\/actionsdavenir95.fr\/","name":"actionsdavenir95","description":"","publisher":{"@id":"http:\/\/actionsdavenir95.fr\/#organization"},"potentialAction":[{"@type":"SearchAction","target":{"@type":"EntryPoint","urlTemplate":"http:\/\/actionsdavenir95.fr\/?s={search_term_string}"},"query-input":{"@type":"PropertyValueSpecification","valueRequired":true,"valueName":"search_term_string"}}],"inLanguage":"fr-FR"},{"@type":"Organization","@id":"http:\/\/actionsdavenir95.fr\/#organization","name":"actionsdavenir95","url":"http:\/\/actionsdavenir95.fr\/","logo":{"@type":"ImageObject","inLanguage":"fr-FR","@id":"http:\/\/actionsdavenir95.fr\/#\/schema\/logo\/image\/","url":"https:\/\/actionsdavenir95.fr\/wp-content\/uploads\/2025\/12\/cropped-logo-actions-davenir-1.png","contentUrl":"https:\/\/actionsdavenir95.fr\/wp-content\/uploads\/2025\/12\/cropped-logo-actions-davenir-1.png","width":512,"height":512,"caption":"actionsdavenir95"},"image":{"@id":"http:\/\/actionsdavenir95.fr\/#\/schema\/logo\/image\/"},"sameAs":["https:\/\/www.facebook.com\/p\/Actions-dAvenir-95-100070952537895\/"]}]}},"_links":{"self":[{"href":"https:\/\/actionsdavenir95.fr\/index.php\/wp-json\/wp\/v2\/pages\/8","targetHints":{"allow":["GET"]}}],"collection":[{"href":"https:\/\/actionsdavenir95.fr\/index.php\/wp-json\/wp\/v2\/pages"}],"about":[{"href":"https:\/\/actionsdavenir95.fr\/index.php\/wp-json\/wp\/v2\/types\/page"}],"author":[{"embeddable":true,"href":"https:\/\/actionsdavenir95.fr\/index.php\/wp-json\/wp\/v2\/users\/1"}],"replies":[{"embeddable":true,"href":"https:\/\/actionsdavenir95.fr\/index.php\/wp-json\/wp\/v2\/comments?post=8"}],"version-history":[{"count":12,"href":"https:\/\/actionsdavenir95.fr\/index.php\/wp-json\/wp\/v2\/pages\/8\/revisions"}],"predecessor-version":[{"id":206,"href":"https:\/\/actionsdavenir95.fr\/index.php\/wp-json\/wp\/v2\/pages\/8\/revisions\/206"}],"wp:attachment":[{"href":"https:\/\/actionsdavenir95.fr\/index.php\/wp-json\/wp\/v2\/media?parent=8"}],"curies":[{"name":"wp","href":"https:\/\/api.w.org\/{rel}","templated":true}]}}