{"id":7,"date":"2025-12-18T09:32:21","date_gmt":"2025-12-18T09:32:21","guid":{"rendered":"http:\/\/actionsdavenir95.fr\/?page_id=7"},"modified":"2026-03-31T11:34:46","modified_gmt":"2026-03-31T11:34:46","slug":"home","status":"publish","type":"page","link":"https:\/\/actionsdavenir95.fr\/","title":{"rendered":"Accueil"},"content":{"rendered":"\t\t<div data-elementor-type=\"wp-page\" data-elementor-id=\"7\" class=\"elementor elementor-7\">\n\t\t\t\t<div class=\"elementor-element elementor-element-2360680c e-flex e-con-boxed e-con e-parent\" data-id=\"2360680c\" data-element_type=\"container\">\n\t\t\t\t\t<div class=\"e-con-inner\">\n\t\t\t\t<div class=\"elementor-element elementor-element-4129faf5 elementor-widget elementor-widget-text-editor\" data-id=\"4129faf5\" data-element_type=\"widget\" data-widget_type=\"text-editor.default\">\n\t\t\t\t\t\t\t\t\t\n<div class=\"wp-block-cover alignfull has-parallax is-layout-flow wp-block-cover-is-layout-flow\" style=\"min-height: 539px;aspect-ratio:unset;\">\n<div class=\"wp-block-cover__image-background wp-image-49 size-large has-parallax\" style=\"background-position: 50% 50%; background-image: url('http:\/\/actionsdavenir95.fr\/wp-content\/uploads\/2025\/12\/un-jeune-adulte-essaie-de-reveiller-une-fille-afro-americaine-dans-la-bibliotheque-de-l-universite-1024x683.jpg');\">\u00a0<\/div>\n<div class=\"wp-block-cover__inner-container\">\n<div class=\"wp-block-columns are-vertically-aligned-center\">\n<div class=\"wp-block-column is-vertically-aligned-center\" style=\"padding-right: var(--wp--preset--spacing--20); padding-left: var(--wp--preset--spacing--20); flex-basis: 65%;\">\n<h1 class=\"wp-block-heading has-text-align-left has-nv-text-dark-bg-color has-text-color\">Actions d&rsquo;avenir<\/h1>\n<h2 class=\"wp-block-heading has-text-align-left has-nv-text-dark-bg-color has-text-color\" style=\"font-size: 17px;\">Apporter une aide administrati,ve et juridique aux<br \/>habitants du val d&rsquo;Oise et plus globalement \u00e0 toute personne -qui par ses difficult\u00e9s sociales, financi\u00e8res ou encore par la, rencontrent des difficult\u00e9s dans l&rsquo;acc\u00e8s au<br \/>droit et \u00e0 leur droit.<\/h2>\n<p class=\"has-text-align-left has-nv-text-dark-bg-color has-text-color\" style=\"font-size: 17px;\">\u00a0<\/p>\n<div class=\"wp-block-buttons\">\n<div class=\"wp-block-button is-style-primary\"><a class=\"wp-block-button__link has-text-color has-background has-link-color wp-element-button\" style=\"color: #0a2279; background-color: #ffffff;\" title=\"Notre association\" href=\"http:\/\/actionsdavenir95.fr\/index.php\/sample-page\/\">L&rsquo;association<\/a><\/div>\n<div class=\"wp-block-button is-style-secondary\"><a class=\"wp-block-button__link has-nv-text-dark-bg-color has-text-color has-link-color wp-element-button\" title=\"Contact\" href=\"http:\/\/actionsdavenir95.fr\/index.php\/contact\/\">Prendre rendez-vous<\/a><\/div>\n<\/div>\n<\/div>\n<\/div>\n<\/div>\n<\/div>\n<div>\u00a0<\/div>\n<div>\u00a0<\/div>\t\t\t\t\t\t\t\t<\/div>\n\t\t\t\t\t<\/div>\n\t\t\t\t<\/div>\n\t\t<div class=\"elementor-element elementor-element-47209e0 e-flex e-con-boxed e-con e-parent\" data-id=\"47209e0\" data-element_type=\"container\">\n\t\t\t\t\t<div class=\"e-con-inner\">\n\t\t<div class=\"elementor-element elementor-element-92a7550 e-con-full e-flex e-con e-child\" data-id=\"92a7550\" data-element_type=\"container\">\n\t\t\t\t<div class=\"elementor-element elementor-element-f85d31a elementor-widget elementor-widget-image\" data-id=\"f85d31a\" data-element_type=\"widget\" data-widget_type=\"image.default\">\n\t\t\t\t\t\t\t\t\t\t\t\t\t\t\t<img fetchpriority=\"high\" decoding=\"async\" width=\"1024\" height=\"1024\" src=\"http:\/\/actionsdavenir95.fr\/wp-content\/uploads\/2025\/12\/181979487_113783330936376_2220368983559241537_n-1024x1024.jpg\" class=\"attachment-large size-large wp-image-145\" alt=\"\" srcset=\"http:\/\/actionsdavenir95.fr\/wp-content\/uploads\/2025\/12\/181979487_113783330936376_2220368983559241537_n-1024x1024.jpg 1024w, http:\/\/actionsdavenir95.fr\/wp-content\/uploads\/2025\/12\/181979487_113783330936376_2220368983559241537_n-300x300.jpg 300w, http:\/\/actionsdavenir95.fr\/wp-content\/uploads\/2025\/12\/181979487_113783330936376_2220368983559241537_n-150x150.jpg 150w, http:\/\/actionsdavenir95.fr\/wp-content\/uploads\/2025\/12\/181979487_113783330936376_2220368983559241537_n-768x768.jpg 768w, http:\/\/actionsdavenir95.fr\/wp-content\/uploads\/2025\/12\/181979487_113783330936376_2220368983559241537_n.jpg 1440w\" sizes=\"(max-width: 1024px) 100vw, 1024px\" \/>\t\t\t\t\t\t\t\t\t\t\t\t\t\t\t<\/div>\n\t\t\t\t<\/div>\n\t\t<div class=\"elementor-element elementor-element-211f96d e-con-full e-flex e-con e-child\" data-id=\"211f96d\" data-element_type=\"container\">\n\t\t<div class=\"elementor-element elementor-element-c917f38 e-con-full e-flex e-con e-child\" data-id=\"c917f38\" data-element_type=\"container\">\n\t\t<div class=\"elementor-element elementor-element-25f9388 e-con-full e-flex e-con e-child\" data-id=\"25f9388\" data-element_type=\"container\">\n\t\t\t\t<div class=\"elementor-element elementor-element-a2af770 elementor-widget elementor-widget-heading\" data-id=\"a2af770\" data-element_type=\"widget\" data-widget_type=\"heading.default\">\n\t\t\t\t\t<h2 class=\"elementor-heading-title elementor-size-default\">Nos actions<\/h2>\t\t\t\t<\/div>\n\t\t\t\t<\/div>\n\t\t\t\t<\/div>\n\t\t<div class=\"elementor-element elementor-element-3d6a0bb e-con-full e-flex e-con e-child\" data-id=\"3d6a0bb\" data-element_type=\"container\">\n\t\t<div class=\"elementor-element elementor-element-2063184 e-con-full e-flex e-con e-child\" data-id=\"2063184\" data-element_type=\"container\">\n\t\t\t\t<div class=\"elementor-element elementor-element-13bc62a elementor-widget elementor-widget-text-editor\" data-id=\"13bc62a\" data-element_type=\"widget\" data-widget_type=\"text-editor.default\">\n\t\t\t\t\t\t\t\t\t<p>Acc\u00e8s aux droits, cours soicolinguistiques, d\u00e9marches administratives, aide \u00e0 la recherche d&#8217;emploi et formation, caf\u00e9 d\u00e9bats et solidarit\u00e9s.<br \/>&#8211; D\u00e9marches administratives &#8211; Tout Public &#8211; Sur rdv &#8211; 20 euros par an<br \/>&#8211; Acc\u00e8s aux droits &#8211; Tout Public &#8211; Sur rdv &#8211; 20 euros par an<br \/>&#8211; Alphab\u00e9tisation &#8211; A partir de 18 ans &#8211; lundi, jeudi et vendredi &#8211; 60 euros par an<\/p>\t\t\t\t\t\t\t\t<\/div>\n\t\t\t\t<\/div>\n\t\t\t\t<\/div>\n\t\t\t\t<\/div>\n\t\t\t\t\t<\/div>\n\t\t\t\t<\/div>\n\t\t\t\t<\/div>\n\t\t","protected":false},"excerpt":{"rendered":"","protected":false},"author":1,"featured_media":0,"parent":0,"menu_order":0,"comment_status":"closed","ping_status":"closed","template":"","meta":{"om_disable_all_campaigns":false,"_monsterinsights_skip_tracking":false,"_monsterinsights_sitenote_active":false,"_monsterinsights_sitenote_note":"","_monsterinsights_sitenote_category":0,"neve_meta_sidebar":"","neve_meta_container":"","neve_meta_enable_content_width":"on","neve_meta_content_width":100,"neve_meta_title_alignment":"","neve_meta_author_avatar":"","neve_post_elements_order":"","neve_meta_disable_header":"","neve_meta_disable_footer":"","neve_meta_disable_title":"on","footnotes":""},"class_list":["post-7","page","type-page","status-publish","hentry"],"aioseo_notices":[],"yoast_head":"<!-- This site is optimized with the Yoast SEO plugin v26.6 - https:\/\/yoast.com\/wordpress\/plugins\/seo\/ -->\n<title>Accueil - Actions d&#039;avenir<\/title>\n<meta name=\"robots\" content=\"index, follow, max-snippet:-1, max-image-preview:large, max-video-preview:-1\" \/>\n<link rel=\"canonical\" href=\"http:\/\/actionsdavenir95.fr\/\" \/>\n<meta property=\"og:locale\" content=\"fr_FR\" \/>\n<meta property=\"og:type\" content=\"article\" \/>\n<meta property=\"og:title\" content=\"Accueil - Actions d&#039;avenir\" \/>\n<meta property=\"og:url\" content=\"http:\/\/actionsdavenir95.fr\/\" \/>\n<meta property=\"og:site_name\" content=\"Actions d&#039;avenir\" \/>\n<meta property=\"article:publisher\" content=\"https:\/\/www.facebook.com\/p\/Actions-dAvenir-95-100070952537895\/\" \/>\n<meta property=\"article:modified_time\" content=\"2026-03-31T11:34:46+00:00\" \/>\n<meta property=\"og:image\" content=\"http:\/\/actionsdavenir95.fr\/wp-content\/uploads\/2025\/12\/181979487_113783330936376_2220368983559241537_n-1024x1024.jpg\" \/>\n<meta name=\"twitter:card\" content=\"summary_large_image\" \/>\n<meta name=\"twitter:label1\" content=\"Dur\u00e9e de lecture estim\u00e9e\" \/>\n\t<meta name=\"twitter:data1\" content=\"1 minute\" \/>\n<script type=\"application\/ld+json\" class=\"yoast-schema-graph\">{\"@context\":\"https:\/\/schema.org\",\"@graph\":[{\"@type\":\"WebPage\",\"@id\":\"http:\/\/actionsdavenir95.fr\/\",\"url\":\"http:\/\/actionsdavenir95.fr\/\",\"name\":\"Accueil - Actions d&#039;avenir\",\"isPartOf\":{\"@id\":\"http:\/\/actionsdavenir95.fr\/#website\"},\"primaryImageOfPage\":{\"@id\":\"http:\/\/actionsdavenir95.fr\/#primaryimage\"},\"image\":{\"@id\":\"http:\/\/actionsdavenir95.fr\/#primaryimage\"},\"thumbnailUrl\":\"http:\/\/actionsdavenir95.fr\/wp-content\/uploads\/2025\/12\/181979487_113783330936376_2220368983559241537_n-1024x1024.jpg\",\"datePublished\":\"2025-12-18T09:32:21+00:00\",\"dateModified\":\"2026-03-31T11:34:46+00:00\",\"breadcrumb\":{\"@id\":\"http:\/\/actionsdavenir95.fr\/#breadcrumb\"},\"inLanguage\":\"fr-FR\",\"potentialAction\":[{\"@type\":\"ReadAction\",\"target\":[\"http:\/\/actionsdavenir95.fr\/\"]}]},{\"@type\":\"ImageObject\",\"inLanguage\":\"fr-FR\",\"@id\":\"http:\/\/actionsdavenir95.fr\/#primaryimage\",\"url\":\"https:\/\/actionsdavenir95.fr\/wp-content\/uploads\/2025\/12\/181979487_113783330936376_2220368983559241537_n.jpg\",\"contentUrl\":\"https:\/\/actionsdavenir95.fr\/wp-content\/uploads\/2025\/12\/181979487_113783330936376_2220368983559241537_n.jpg\",\"width\":1440,\"height\":1440},{\"@type\":\"BreadcrumbList\",\"@id\":\"http:\/\/actionsdavenir95.fr\/#breadcrumb\",\"itemListElement\":[{\"@type\":\"ListItem\",\"position\":1,\"name\":\"Accueil\",\"item\":\"http:\/\/actionsdavenir95.fr\/\"},{\"@type\":\"ListItem\",\"position\":2,\"name\":\"Accueil\"}]},{\"@type\":\"WebSite\",\"@id\":\"http:\/\/actionsdavenir95.fr\/#website\",\"url\":\"http:\/\/actionsdavenir95.fr\/\",\"name\":\"actionsdavenir95\",\"description\":\"\",\"publisher\":{\"@id\":\"http:\/\/actionsdavenir95.fr\/#organization\"},\"potentialAction\":[{\"@type\":\"SearchAction\",\"target\":{\"@type\":\"EntryPoint\",\"urlTemplate\":\"http:\/\/actionsdavenir95.fr\/?s={search_term_string}\"},\"query-input\":{\"@type\":\"PropertyValueSpecification\",\"valueRequired\":true,\"valueName\":\"search_term_string\"}}],\"inLanguage\":\"fr-FR\"},{\"@type\":\"Organization\",\"@id\":\"http:\/\/actionsdavenir95.fr\/#organization\",\"name\":\"actionsdavenir95\",\"url\":\"http:\/\/actionsdavenir95.fr\/\",\"logo\":{\"@type\":\"ImageObject\",\"inLanguage\":\"fr-FR\",\"@id\":\"http:\/\/actionsdavenir95.fr\/#\/schema\/logo\/image\/\",\"url\":\"https:\/\/actionsdavenir95.fr\/wp-content\/uploads\/2025\/12\/cropped-logo-actions-davenir-1.png\",\"contentUrl\":\"https:\/\/actionsdavenir95.fr\/wp-content\/uploads\/2025\/12\/cropped-logo-actions-davenir-1.png\",\"width\":512,\"height\":512,\"caption\":\"actionsdavenir95\"},\"image\":{\"@id\":\"http:\/\/actionsdavenir95.fr\/#\/schema\/logo\/image\/\"},\"sameAs\":[\"https:\/\/www.facebook.com\/p\/Actions-dAvenir-95-100070952537895\/\"]}]}<\/script>\n<!-- \/ Yoast SEO plugin. -->","yoast_head_json":{"title":"Accueil - Actions d&#039;avenir","robots":{"index":"index","follow":"follow","max-snippet":"max-snippet:-1","max-image-preview":"max-image-preview:large","max-video-preview":"max-video-preview:-1"},"canonical":"http:\/\/actionsdavenir95.fr\/","og_locale":"fr_FR","og_type":"article","og_title":"Accueil - Actions d&#039;avenir","og_url":"http:\/\/actionsdavenir95.fr\/","og_site_name":"Actions d&#039;avenir","article_publisher":"https:\/\/www.facebook.com\/p\/Actions-dAvenir-95-100070952537895\/","article_modified_time":"2026-03-31T11:34:46+00:00","og_image":[{"url":"http:\/\/actionsdavenir95.fr\/wp-content\/uploads\/2025\/12\/181979487_113783330936376_2220368983559241537_n-1024x1024.jpg","type":"","width":"","height":""}],"twitter_card":"summary_large_image","twitter_misc":{"Dur\u00e9e de lecture estim\u00e9e":"1 minute"},"schema":{"@context":"https:\/\/schema.org","@graph":[{"@type":"WebPage","@id":"http:\/\/actionsdavenir95.fr\/","url":"http:\/\/actionsdavenir95.fr\/","name":"Accueil - Actions d&#039;avenir","isPartOf":{"@id":"http:\/\/actionsdavenir95.fr\/#website"},"primaryImageOfPage":{"@id":"http:\/\/actionsdavenir95.fr\/#primaryimage"},"image":{"@id":"http:\/\/actionsdavenir95.fr\/#primaryimage"},"thumbnailUrl":"http:\/\/actionsdavenir95.fr\/wp-content\/uploads\/2025\/12\/181979487_113783330936376_2220368983559241537_n-1024x1024.jpg","datePublished":"2025-12-18T09:32:21+00:00","dateModified":"2026-03-31T11:34:46+00:00","breadcrumb":{"@id":"http:\/\/actionsdavenir95.fr\/#breadcrumb"},"inLanguage":"fr-FR","potentialAction":[{"@type":"ReadAction","target":["http:\/\/actionsdavenir95.fr\/"]}]},{"@type":"ImageObject","inLanguage":"fr-FR","@id":"http:\/\/actionsdavenir95.fr\/#primaryimage","url":"https:\/\/actionsdavenir95.fr\/wp-content\/uploads\/2025\/12\/181979487_113783330936376_2220368983559241537_n.jpg","contentUrl":"https:\/\/actionsdavenir95.fr\/wp-content\/uploads\/2025\/12\/181979487_113783330936376_2220368983559241537_n.jpg","width":1440,"height":1440},{"@type":"BreadcrumbList","@id":"http:\/\/actionsdavenir95.fr\/#breadcrumb","itemListElement":[{"@type":"ListItem","position":1,"name":"Accueil","item":"http:\/\/actionsdavenir95.fr\/"},{"@type":"ListItem","position":2,"name":"Accueil"}]},{"@type":"WebSite","@id":"http:\/\/actionsdavenir95.fr\/#website","url":"http:\/\/actionsdavenir95.fr\/","name":"actionsdavenir95","description":"","publisher":{"@id":"http:\/\/actionsdavenir95.fr\/#organization"},"potentialAction":[{"@type":"SearchAction","target":{"@type":"EntryPoint","urlTemplate":"http:\/\/actionsdavenir95.fr\/?s={search_term_string}"},"query-input":{"@type":"PropertyValueSpecification","valueRequired":true,"valueName":"search_term_string"}}],"inLanguage":"fr-FR"},{"@type":"Organization","@id":"http:\/\/actionsdavenir95.fr\/#organization","name":"actionsdavenir95","url":"http:\/\/actionsdavenir95.fr\/","logo":{"@type":"ImageObject","inLanguage":"fr-FR","@id":"http:\/\/actionsdavenir95.fr\/#\/schema\/logo\/image\/","url":"https:\/\/actionsdavenir95.fr\/wp-content\/uploads\/2025\/12\/cropped-logo-actions-davenir-1.png","contentUrl":"https:\/\/actionsdavenir95.fr\/wp-content\/uploads\/2025\/12\/cropped-logo-actions-davenir-1.png","width":512,"height":512,"caption":"actionsdavenir95"},"image":{"@id":"http:\/\/actionsdavenir95.fr\/#\/schema\/logo\/image\/"},"sameAs":["https:\/\/www.facebook.com\/p\/Actions-dAvenir-95-100070952537895\/"]}]}},"_links":{"self":[{"href":"https:\/\/actionsdavenir95.fr\/index.php\/wp-json\/wp\/v2\/pages\/7","targetHints":{"allow":["GET"]}}],"collection":[{"href":"https:\/\/actionsdavenir95.fr\/index.php\/wp-json\/wp\/v2\/pages"}],"about":[{"href":"https:\/\/actionsdavenir95.fr\/index.php\/wp-json\/wp\/v2\/types\/page"}],"author":[{"embeddable":true,"href":"https:\/\/actionsdavenir95.fr\/index.php\/wp-json\/wp\/v2\/users\/1"}],"replies":[{"embeddable":true,"href":"https:\/\/actionsdavenir95.fr\/index.php\/wp-json\/wp\/v2\/comments?post=7"}],"version-history":[{"count":82,"href":"https:\/\/actionsdavenir95.fr\/index.php\/wp-json\/wp\/v2\/pages\/7\/revisions"}],"predecessor-version":[{"id":300,"href":"https:\/\/actionsdavenir95.fr\/index.php\/wp-json\/wp\/v2\/pages\/7\/revisions\/300"}],"wp:attachment":[{"href":"https:\/\/actionsdavenir95.fr\/index.php\/wp-json\/wp\/v2\/media?parent=7"}],"curies":[{"name":"wp","href":"https:\/\/api.w.org\/{rel}","templated":true}]}}