{"id":2,"date":"2025-12-15T10:29:39","date_gmt":"2025-12-15T10:29:39","guid":{"rendered":"http:\/\/actionsdavenir95.fr\/?page_id=2"},"modified":"2025-12-22T07:22:44","modified_gmt":"2025-12-22T07:22:44","slug":"sample-page","status":"publish","type":"page","link":"https:\/\/actionsdavenir95.fr\/index.php\/sample-page\/","title":{"rendered":"Notre association"},"content":{"rendered":"\t\t<div data-elementor-type=\"wp-page\" data-elementor-id=\"2\" class=\"elementor elementor-2\">\n\t\t\t\t<div class=\"elementor-element elementor-element-300ae21d e-flex e-con-boxed e-con e-parent\" data-id=\"300ae21d\" data-element_type=\"container\">\n\t\t\t\t\t<div class=\"e-con-inner\">\n\t\t\t\t<div class=\"elementor-element elementor-element-51b10357 elementor-widget elementor-widget-text-editor\" data-id=\"51b10357\" data-element_type=\"widget\" data-widget_type=\"text-editor.default\">\n\t\t\t\t\t\t\t\t\t<h2>Nos missions<\/h2>\n<p>&#8211; L&rsquo;aide \u00e0 la recherche d&#8217;emploi et cours sociolinguistiques<br \/>&#8211; L&rsquo;acc\u00e8s au droit et aux droits : l&rsquo; associatiQn aide les usagers \u00e0 constituer des dossiers administratifs (caf, s\u00e9curit\u00e9 sociales, retraite etc &#8230; ) et leur permet de b\u00e9n\u00e9ficier de consultation gratuite avec des avocats<br \/>&#8211; L&rsquo;organisation caf\u00e9 d\u00e9bats permettant un \u00e9change autour de th\u00e8mes d&rsquo;actualit\u00e9 int\u00e9ressant l&rsquo;int\u00e9r\u00eat g\u00e9n\u00e9ral<br \/>Le pari de l&rsquo;association est d\u00e9sormais de s&rsquo;adapter et d&rsquo;essayer de trouver un rem\u00e8de \u00e0 chaque situation pour all\u00e9ger les difficult\u00e9s sociales. L&rsquo;association a ainsi particip\u00e9 \u00e0 la cr\u00e9ation :de masques en partenariat avec lf secours populaire en mobilisant les adh\u00e9rentes pour les confectionner. L&rsquo;association r\u00e9fl\u00e9chi \u00e9galement \u00e0 la distribution de repas solidaires, le confinement pla\u00e7ant certains usagers priv\u00e9s de droits sociaux dans une pr\u00e9ca extr\u00eame.<br \/>L&rsquo;association est \u00e9galement intervenue dans l&rsquo;organisation d&rsquo;obs\u00e8ques de personnes d\u00e9c\u00e9d\u00e9es du covid.<br \/>Le pari de l&rsquo;association est d\u00e9sormais de s&rsquo;adapter et d&rsquo;essayer de trouver un rem\u00e8de \u00e0 chaque situation pour all\u00e9ger les difficult\u00e9s sociales.<\/p>\t\t\t\t\t\t\t\t<\/div>\n\t\t\t\t\t<\/div>\n\t\t\t\t<\/div>\n\t\t\t\t<\/div>\n\t\t","protected":false},"excerpt":{"rendered":"<p>Nos missions &#8211; L&rsquo;aide \u00e0 la recherche d&#8217;emploi et cours sociolinguistiques&#8211; L&rsquo;acc\u00e8s au droit et aux droits : l&rsquo; associatiQn aide les usagers \u00e0 constituer des dossiers administratifs (caf, s\u00e9curit\u00e9 sociales, retraite etc &#8230; ) et leur permet de b\u00e9n\u00e9ficier de consultation gratuite avec des avocats&#8211; L&rsquo;organisation caf\u00e9 d\u00e9bats permettant un \u00e9change autour de th\u00e8mes&hellip;&nbsp;<a href=\"https:\/\/actionsdavenir95.fr\/index.php\/sample-page\/\" rel=\"bookmark\"><span class=\"screen-reader-text\">Notre association<\/span><\/a><\/p>\n","protected":false},"author":1,"featured_media":0,"parent":0,"menu_order":0,"comment_status":"closed","ping_status":"closed","template":"","meta":{"om_disable_all_campaigns":false,"_monsterinsights_skip_tracking":false,"_monsterinsights_sitenote_active":false,"_monsterinsights_sitenote_note":"","_monsterinsights_sitenote_category":0,"neve_meta_sidebar":"","neve_meta_container":"","neve_meta_enable_content_width":"","neve_meta_content_width":0,"neve_meta_title_alignment":"","neve_meta_author_avatar":"","neve_post_elements_order":"","neve_meta_disable_header":"","neve_meta_disable_footer":"","neve_meta_disable_title":"","footnotes":""},"class_list":["post-2","page","type-page","status-publish","hentry"],"aioseo_notices":[],"yoast_head":"<!-- This site is optimized with the Yoast SEO plugin v26.6 - https:\/\/yoast.com\/wordpress\/plugins\/seo\/ -->\n<title>Notre association - Actions d&#039;avenir<\/title>\n<meta name=\"robots\" content=\"index, follow, max-snippet:-1, max-image-preview:large, max-video-preview:-1\" \/>\n<link rel=\"canonical\" href=\"https:\/\/actionsdavenir95.fr\/index.php\/sample-page\/\" \/>\n<meta property=\"og:locale\" content=\"fr_FR\" \/>\n<meta property=\"og:type\" content=\"article\" \/>\n<meta property=\"og:title\" content=\"Notre association - Actions d&#039;avenir\" \/>\n<meta property=\"og:description\" content=\"Nos missions &#8211; L&rsquo;aide \u00e0 la recherche d&#8217;emploi et cours sociolinguistiques&#8211; L&rsquo;acc\u00e8s au droit et aux droits : l&rsquo; associatiQn aide les usagers \u00e0 constituer des dossiers administratifs (caf, s\u00e9curit\u00e9 sociales, retraite etc &#8230; ) et leur permet de b\u00e9n\u00e9ficier de consultation gratuite avec des avocats&#8211; L&rsquo;organisation caf\u00e9 d\u00e9bats permettant un \u00e9change autour de th\u00e8mes&hellip;&nbsp;Notre association\" \/>\n<meta property=\"og:url\" content=\"https:\/\/actionsdavenir95.fr\/index.php\/sample-page\/\" \/>\n<meta property=\"og:site_name\" content=\"Actions d&#039;avenir\" \/>\n<meta property=\"article:publisher\" content=\"https:\/\/www.facebook.com\/p\/Actions-dAvenir-95-100070952537895\/\" \/>\n<meta property=\"article:modified_time\" content=\"2025-12-22T07:22:44+00:00\" \/>\n<meta name=\"twitter:card\" content=\"summary_large_image\" \/>\n<meta name=\"twitter:label1\" content=\"Dur\u00e9e de lecture estim\u00e9e\" \/>\n\t<meta name=\"twitter:data1\" content=\"1 minute\" \/>\n<script type=\"application\/ld+json\" class=\"yoast-schema-graph\">{\"@context\":\"https:\/\/schema.org\",\"@graph\":[{\"@type\":\"WebPage\",\"@id\":\"https:\/\/actionsdavenir95.fr\/index.php\/sample-page\/\",\"url\":\"https:\/\/actionsdavenir95.fr\/index.php\/sample-page\/\",\"name\":\"Notre association - Actions d&#039;avenir\",\"isPartOf\":{\"@id\":\"http:\/\/actionsdavenir95.fr\/#website\"},\"datePublished\":\"2025-12-15T10:29:39+00:00\",\"dateModified\":\"2025-12-22T07:22:44+00:00\",\"breadcrumb\":{\"@id\":\"https:\/\/actionsdavenir95.fr\/index.php\/sample-page\/#breadcrumb\"},\"inLanguage\":\"fr-FR\",\"potentialAction\":[{\"@type\":\"ReadAction\",\"target\":[\"https:\/\/actionsdavenir95.fr\/index.php\/sample-page\/\"]}]},{\"@type\":\"BreadcrumbList\",\"@id\":\"https:\/\/actionsdavenir95.fr\/index.php\/sample-page\/#breadcrumb\",\"itemListElement\":[{\"@type\":\"ListItem\",\"position\":1,\"name\":\"Accueil\",\"item\":\"http:\/\/actionsdavenir95.fr\/\"},{\"@type\":\"ListItem\",\"position\":2,\"name\":\"Notre association\"}]},{\"@type\":\"WebSite\",\"@id\":\"http:\/\/actionsdavenir95.fr\/#website\",\"url\":\"http:\/\/actionsdavenir95.fr\/\",\"name\":\"actionsdavenir95\",\"description\":\"\",\"publisher\":{\"@id\":\"http:\/\/actionsdavenir95.fr\/#organization\"},\"potentialAction\":[{\"@type\":\"SearchAction\",\"target\":{\"@type\":\"EntryPoint\",\"urlTemplate\":\"http:\/\/actionsdavenir95.fr\/?s={search_term_string}\"},\"query-input\":{\"@type\":\"PropertyValueSpecification\",\"valueRequired\":true,\"valueName\":\"search_term_string\"}}],\"inLanguage\":\"fr-FR\"},{\"@type\":\"Organization\",\"@id\":\"http:\/\/actionsdavenir95.fr\/#organization\",\"name\":\"actionsdavenir95\",\"url\":\"http:\/\/actionsdavenir95.fr\/\",\"logo\":{\"@type\":\"ImageObject\",\"inLanguage\":\"fr-FR\",\"@id\":\"http:\/\/actionsdavenir95.fr\/#\/schema\/logo\/image\/\",\"url\":\"https:\/\/actionsdavenir95.fr\/wp-content\/uploads\/2025\/12\/cropped-logo-actions-davenir-1.png\",\"contentUrl\":\"https:\/\/actionsdavenir95.fr\/wp-content\/uploads\/2025\/12\/cropped-logo-actions-davenir-1.png\",\"width\":512,\"height\":512,\"caption\":\"actionsdavenir95\"},\"image\":{\"@id\":\"http:\/\/actionsdavenir95.fr\/#\/schema\/logo\/image\/\"},\"sameAs\":[\"https:\/\/www.facebook.com\/p\/Actions-dAvenir-95-100070952537895\/\"]}]}<\/script>\n<!-- \/ Yoast SEO plugin. -->","yoast_head_json":{"title":"Notre association - Actions d&#039;avenir","robots":{"index":"index","follow":"follow","max-snippet":"max-snippet:-1","max-image-preview":"max-image-preview:large","max-video-preview":"max-video-preview:-1"},"canonical":"https:\/\/actionsdavenir95.fr\/index.php\/sample-page\/","og_locale":"fr_FR","og_type":"article","og_title":"Notre association - Actions d&#039;avenir","og_description":"Nos missions &#8211; L&rsquo;aide \u00e0 la recherche d&#8217;emploi et cours sociolinguistiques&#8211; L&rsquo;acc\u00e8s au droit et aux droits : l&rsquo; associatiQn aide les usagers \u00e0 constituer des dossiers administratifs (caf, s\u00e9curit\u00e9 sociales, retraite etc &#8230; ) et leur permet de b\u00e9n\u00e9ficier de consultation gratuite avec des avocats&#8211; L&rsquo;organisation caf\u00e9 d\u00e9bats permettant un \u00e9change autour de th\u00e8mes&hellip;&nbsp;Notre association","og_url":"https:\/\/actionsdavenir95.fr\/index.php\/sample-page\/","og_site_name":"Actions d&#039;avenir","article_publisher":"https:\/\/www.facebook.com\/p\/Actions-dAvenir-95-100070952537895\/","article_modified_time":"2025-12-22T07:22:44+00:00","twitter_card":"summary_large_image","twitter_misc":{"Dur\u00e9e de lecture estim\u00e9e":"1 minute"},"schema":{"@context":"https:\/\/schema.org","@graph":[{"@type":"WebPage","@id":"https:\/\/actionsdavenir95.fr\/index.php\/sample-page\/","url":"https:\/\/actionsdavenir95.fr\/index.php\/sample-page\/","name":"Notre association - Actions d&#039;avenir","isPartOf":{"@id":"http:\/\/actionsdavenir95.fr\/#website"},"datePublished":"2025-12-15T10:29:39+00:00","dateModified":"2025-12-22T07:22:44+00:00","breadcrumb":{"@id":"https:\/\/actionsdavenir95.fr\/index.php\/sample-page\/#breadcrumb"},"inLanguage":"fr-FR","potentialAction":[{"@type":"ReadAction","target":["https:\/\/actionsdavenir95.fr\/index.php\/sample-page\/"]}]},{"@type":"BreadcrumbList","@id":"https:\/\/actionsdavenir95.fr\/index.php\/sample-page\/#breadcrumb","itemListElement":[{"@type":"ListItem","position":1,"name":"Accueil","item":"http:\/\/actionsdavenir95.fr\/"},{"@type":"ListItem","position":2,"name":"Notre association"}]},{"@type":"WebSite","@id":"http:\/\/actionsdavenir95.fr\/#website","url":"http:\/\/actionsdavenir95.fr\/","name":"actionsdavenir95","description":"","publisher":{"@id":"http:\/\/actionsdavenir95.fr\/#organization"},"potentialAction":[{"@type":"SearchAction","target":{"@type":"EntryPoint","urlTemplate":"http:\/\/actionsdavenir95.fr\/?s={search_term_string}"},"query-input":{"@type":"PropertyValueSpecification","valueRequired":true,"valueName":"search_term_string"}}],"inLanguage":"fr-FR"},{"@type":"Organization","@id":"http:\/\/actionsdavenir95.fr\/#organization","name":"actionsdavenir95","url":"http:\/\/actionsdavenir95.fr\/","logo":{"@type":"ImageObject","inLanguage":"fr-FR","@id":"http:\/\/actionsdavenir95.fr\/#\/schema\/logo\/image\/","url":"https:\/\/actionsdavenir95.fr\/wp-content\/uploads\/2025\/12\/cropped-logo-actions-davenir-1.png","contentUrl":"https:\/\/actionsdavenir95.fr\/wp-content\/uploads\/2025\/12\/cropped-logo-actions-davenir-1.png","width":512,"height":512,"caption":"actionsdavenir95"},"image":{"@id":"http:\/\/actionsdavenir95.fr\/#\/schema\/logo\/image\/"},"sameAs":["https:\/\/www.facebook.com\/p\/Actions-dAvenir-95-100070952537895\/"]}]}},"_links":{"self":[{"href":"https:\/\/actionsdavenir95.fr\/index.php\/wp-json\/wp\/v2\/pages\/2","targetHints":{"allow":["GET"]}}],"collection":[{"href":"https:\/\/actionsdavenir95.fr\/index.php\/wp-json\/wp\/v2\/pages"}],"about":[{"href":"https:\/\/actionsdavenir95.fr\/index.php\/wp-json\/wp\/v2\/types\/page"}],"author":[{"embeddable":true,"href":"https:\/\/actionsdavenir95.fr\/index.php\/wp-json\/wp\/v2\/users\/1"}],"replies":[{"embeddable":true,"href":"https:\/\/actionsdavenir95.fr\/index.php\/wp-json\/wp\/v2\/comments?post=2"}],"version-history":[{"count":4,"href":"https:\/\/actionsdavenir95.fr\/index.php\/wp-json\/wp\/v2\/pages\/2\/revisions"}],"predecessor-version":[{"id":197,"href":"https:\/\/actionsdavenir95.fr\/index.php\/wp-json\/wp\/v2\/pages\/2\/revisions\/197"}],"wp:attachment":[{"href":"https:\/\/actionsdavenir95.fr\/index.php\/wp-json\/wp\/v2\/media?parent=2"}],"curies":[{"name":"wp","href":"https:\/\/api.w.org\/{rel}","templated":true}]}}