{"id":11,"date":"2025-12-18T09:32:21","date_gmt":"2025-12-18T09:32:21","guid":{"rendered":"http:\/\/actionsdavenir95.fr\/?page_id=11"},"modified":"2025-12-22T07:30:36","modified_gmt":"2025-12-22T07:30:36","slug":"project-details","status":"publish","type":"page","link":"https:\/\/actionsdavenir95.fr\/index.php\/project-details\/","title":{"rendered":"Alphab\u00e9tisation"},"content":{"rendered":"\t\t<div data-elementor-type=\"wp-page\" data-elementor-id=\"11\" class=\"elementor elementor-11\">\n\t\t\t\t<div class=\"elementor-element elementor-element-0177111 e-flex e-con-boxed e-con e-parent\" data-id=\"0177111\" data-element_type=\"container\">\n\t\t\t\t\t<div class=\"e-con-inner\">\n\t\t\t\t<div class=\"elementor-element elementor-element-6dbcb9f elementor-widget elementor-widget-spacer\" data-id=\"6dbcb9f\" data-element_type=\"widget\" data-widget_type=\"spacer.default\">\n\t\t\t\t\t\t\t<div class=\"elementor-spacer\">\n\t\t\t<div class=\"elementor-spacer-inner\"><\/div>\n\t\t<\/div>\n\t\t\t\t\t\t<\/div>\n\t\t\t\t\t<\/div>\n\t\t\t\t<\/div>\n\t\t<div class=\"elementor-element elementor-element-27f2f91 e-flex e-con-boxed e-con e-parent\" data-id=\"27f2f91\" data-element_type=\"container\">\n\t\t\t\t\t<div class=\"e-con-inner\">\n\t\t\t\t<div class=\"elementor-element elementor-element-43190ad elementor-widget elementor-widget-heading\" data-id=\"43190ad\" data-element_type=\"widget\" data-widget_type=\"heading.default\">\n\t\t\t\t\t<h2 class=\"elementor-heading-title elementor-size-default\">Alphab\u00e9tisation <\/h2>\t\t\t\t<\/div>\n\t\t\t\t\t<\/div>\n\t\t\t\t<\/div>\n\t\t<div class=\"elementor-element elementor-element-e11822a e-flex e-con-boxed e-con e-parent\" data-id=\"e11822a\" data-element_type=\"container\">\n\t\t\t\t\t<div class=\"e-con-inner\">\n\t\t\t\t<div class=\"elementor-element elementor-element-107c866 elementor-widget elementor-widget-text-editor\" data-id=\"107c866\" data-element_type=\"widget\" data-widget_type=\"text-editor.default\">\n\t\t\t\t\t\t\t\t\t<p>Services et activit\u00e9s tr\u00e8s diverses<br \/>Animations<br \/>Jeux<br \/>Accueil de loisirs<br \/>Ludoth\u00e8que<br \/>Soutien scolaire<br \/>Jardinerie<br \/>Groupe d&rsquo;\u00e9changes de savoirs, groupes de paroles<\/p>\t\t\t\t\t\t\t\t<\/div>\n\t\t\t\t\t<\/div>\n\t\t\t\t<\/div>\n\t\t\t\t<\/div>\n\t\t","protected":false},"excerpt":{"rendered":"<p>Alphab\u00e9tisation Services et activit\u00e9s tr\u00e8s diversesAnimationsJeuxAccueil de loisirsLudoth\u00e8queSoutien scolaireJardinerieGroupe d&rsquo;\u00e9changes de savoirs, groupes de paroles<\/p>\n","protected":false},"author":1,"featured_media":0,"parent":0,"menu_order":0,"comment_status":"closed","ping_status":"closed","template":"","meta":{"om_disable_all_campaigns":false,"_monsterinsights_skip_tracking":false,"_monsterinsights_sitenote_active":false,"_monsterinsights_sitenote_note":"","_monsterinsights_sitenote_category":0,"neve_meta_sidebar":"","neve_meta_container":"","neve_meta_enable_content_width":"on","neve_meta_content_width":100,"neve_meta_title_alignment":"","neve_meta_author_avatar":"","neve_post_elements_order":"","neve_meta_disable_header":"","neve_meta_disable_footer":"","neve_meta_disable_title":"on","footnotes":""},"class_list":["post-11","page","type-page","status-publish","hentry"],"aioseo_notices":[],"yoast_head":"<!-- This site is optimized with the Yoast SEO plugin v26.6 - https:\/\/yoast.com\/wordpress\/plugins\/seo\/ -->\n<title>Alphab\u00e9tisation - Actions d&#039;avenir<\/title>\n<meta name=\"robots\" content=\"index, follow, max-snippet:-1, max-image-preview:large, max-video-preview:-1\" \/>\n<link rel=\"canonical\" href=\"https:\/\/actionsdavenir95.fr\/index.php\/project-details\/\" \/>\n<meta property=\"og:locale\" content=\"fr_FR\" \/>\n<meta property=\"og:type\" content=\"article\" \/>\n<meta property=\"og:title\" content=\"Alphab\u00e9tisation - Actions d&#039;avenir\" \/>\n<meta property=\"og:description\" content=\"Alphab\u00e9tisation Services et activit\u00e9s tr\u00e8s diversesAnimationsJeuxAccueil de loisirsLudoth\u00e8queSoutien scolaireJardinerieGroupe d&rsquo;\u00e9changes de savoirs, groupes de paroles\" \/>\n<meta property=\"og:url\" content=\"https:\/\/actionsdavenir95.fr\/index.php\/project-details\/\" \/>\n<meta property=\"og:site_name\" content=\"Actions d&#039;avenir\" \/>\n<meta property=\"article:publisher\" content=\"https:\/\/www.facebook.com\/p\/Actions-dAvenir-95-100070952537895\/\" \/>\n<meta property=\"article:modified_time\" content=\"2025-12-22T07:30:36+00:00\" \/>\n<meta name=\"twitter:card\" content=\"summary_large_image\" \/>\n<meta name=\"twitter:label1\" content=\"Dur\u00e9e de lecture estim\u00e9e\" \/>\n\t<meta name=\"twitter:data1\" content=\"1 minute\" \/>\n<script type=\"application\/ld+json\" class=\"yoast-schema-graph\">{\"@context\":\"https:\/\/schema.org\",\"@graph\":[{\"@type\":\"WebPage\",\"@id\":\"https:\/\/actionsdavenir95.fr\/index.php\/project-details\/\",\"url\":\"https:\/\/actionsdavenir95.fr\/index.php\/project-details\/\",\"name\":\"Alphab\u00e9tisation - Actions d&#039;avenir\",\"isPartOf\":{\"@id\":\"http:\/\/actionsdavenir95.fr\/#website\"},\"datePublished\":\"2025-12-18T09:32:21+00:00\",\"dateModified\":\"2025-12-22T07:30:36+00:00\",\"breadcrumb\":{\"@id\":\"https:\/\/actionsdavenir95.fr\/index.php\/project-details\/#breadcrumb\"},\"inLanguage\":\"fr-FR\",\"potentialAction\":[{\"@type\":\"ReadAction\",\"target\":[\"https:\/\/actionsdavenir95.fr\/index.php\/project-details\/\"]}]},{\"@type\":\"BreadcrumbList\",\"@id\":\"https:\/\/actionsdavenir95.fr\/index.php\/project-details\/#breadcrumb\",\"itemListElement\":[{\"@type\":\"ListItem\",\"position\":1,\"name\":\"Accueil\",\"item\":\"http:\/\/actionsdavenir95.fr\/\"},{\"@type\":\"ListItem\",\"position\":2,\"name\":\"Alphab\u00e9tisation\"}]},{\"@type\":\"WebSite\",\"@id\":\"http:\/\/actionsdavenir95.fr\/#website\",\"url\":\"http:\/\/actionsdavenir95.fr\/\",\"name\":\"actionsdavenir95\",\"description\":\"\",\"publisher\":{\"@id\":\"http:\/\/actionsdavenir95.fr\/#organization\"},\"potentialAction\":[{\"@type\":\"SearchAction\",\"target\":{\"@type\":\"EntryPoint\",\"urlTemplate\":\"http:\/\/actionsdavenir95.fr\/?s={search_term_string}\"},\"query-input\":{\"@type\":\"PropertyValueSpecification\",\"valueRequired\":true,\"valueName\":\"search_term_string\"}}],\"inLanguage\":\"fr-FR\"},{\"@type\":\"Organization\",\"@id\":\"http:\/\/actionsdavenir95.fr\/#organization\",\"name\":\"actionsdavenir95\",\"url\":\"http:\/\/actionsdavenir95.fr\/\",\"logo\":{\"@type\":\"ImageObject\",\"inLanguage\":\"fr-FR\",\"@id\":\"http:\/\/actionsdavenir95.fr\/#\/schema\/logo\/image\/\",\"url\":\"https:\/\/actionsdavenir95.fr\/wp-content\/uploads\/2025\/12\/cropped-logo-actions-davenir-1.png\",\"contentUrl\":\"https:\/\/actionsdavenir95.fr\/wp-content\/uploads\/2025\/12\/cropped-logo-actions-davenir-1.png\",\"width\":512,\"height\":512,\"caption\":\"actionsdavenir95\"},\"image\":{\"@id\":\"http:\/\/actionsdavenir95.fr\/#\/schema\/logo\/image\/\"},\"sameAs\":[\"https:\/\/www.facebook.com\/p\/Actions-dAvenir-95-100070952537895\/\"]}]}<\/script>\n<!-- \/ Yoast SEO plugin. -->","yoast_head_json":{"title":"Alphab\u00e9tisation - Actions d&#039;avenir","robots":{"index":"index","follow":"follow","max-snippet":"max-snippet:-1","max-image-preview":"max-image-preview:large","max-video-preview":"max-video-preview:-1"},"canonical":"https:\/\/actionsdavenir95.fr\/index.php\/project-details\/","og_locale":"fr_FR","og_type":"article","og_title":"Alphab\u00e9tisation - Actions d&#039;avenir","og_description":"Alphab\u00e9tisation Services et activit\u00e9s tr\u00e8s diversesAnimationsJeuxAccueil de loisirsLudoth\u00e8queSoutien scolaireJardinerieGroupe d&rsquo;\u00e9changes de savoirs, groupes de paroles","og_url":"https:\/\/actionsdavenir95.fr\/index.php\/project-details\/","og_site_name":"Actions d&#039;avenir","article_publisher":"https:\/\/www.facebook.com\/p\/Actions-dAvenir-95-100070952537895\/","article_modified_time":"2025-12-22T07:30:36+00:00","twitter_card":"summary_large_image","twitter_misc":{"Dur\u00e9e de lecture estim\u00e9e":"1 minute"},"schema":{"@context":"https:\/\/schema.org","@graph":[{"@type":"WebPage","@id":"https:\/\/actionsdavenir95.fr\/index.php\/project-details\/","url":"https:\/\/actionsdavenir95.fr\/index.php\/project-details\/","name":"Alphab\u00e9tisation - Actions d&#039;avenir","isPartOf":{"@id":"http:\/\/actionsdavenir95.fr\/#website"},"datePublished":"2025-12-18T09:32:21+00:00","dateModified":"2025-12-22T07:30:36+00:00","breadcrumb":{"@id":"https:\/\/actionsdavenir95.fr\/index.php\/project-details\/#breadcrumb"},"inLanguage":"fr-FR","potentialAction":[{"@type":"ReadAction","target":["https:\/\/actionsdavenir95.fr\/index.php\/project-details\/"]}]},{"@type":"BreadcrumbList","@id":"https:\/\/actionsdavenir95.fr\/index.php\/project-details\/#breadcrumb","itemListElement":[{"@type":"ListItem","position":1,"name":"Accueil","item":"http:\/\/actionsdavenir95.fr\/"},{"@type":"ListItem","position":2,"name":"Alphab\u00e9tisation"}]},{"@type":"WebSite","@id":"http:\/\/actionsdavenir95.fr\/#website","url":"http:\/\/actionsdavenir95.fr\/","name":"actionsdavenir95","description":"","publisher":{"@id":"http:\/\/actionsdavenir95.fr\/#organization"},"potentialAction":[{"@type":"SearchAction","target":{"@type":"EntryPoint","urlTemplate":"http:\/\/actionsdavenir95.fr\/?s={search_term_string}"},"query-input":{"@type":"PropertyValueSpecification","valueRequired":true,"valueName":"search_term_string"}}],"inLanguage":"fr-FR"},{"@type":"Organization","@id":"http:\/\/actionsdavenir95.fr\/#organization","name":"actionsdavenir95","url":"http:\/\/actionsdavenir95.fr\/","logo":{"@type":"ImageObject","inLanguage":"fr-FR","@id":"http:\/\/actionsdavenir95.fr\/#\/schema\/logo\/image\/","url":"https:\/\/actionsdavenir95.fr\/wp-content\/uploads\/2025\/12\/cropped-logo-actions-davenir-1.png","contentUrl":"https:\/\/actionsdavenir95.fr\/wp-content\/uploads\/2025\/12\/cropped-logo-actions-davenir-1.png","width":512,"height":512,"caption":"actionsdavenir95"},"image":{"@id":"http:\/\/actionsdavenir95.fr\/#\/schema\/logo\/image\/"},"sameAs":["https:\/\/www.facebook.com\/p\/Actions-dAvenir-95-100070952537895\/"]}]}},"_links":{"self":[{"href":"https:\/\/actionsdavenir95.fr\/index.php\/wp-json\/wp\/v2\/pages\/11","targetHints":{"allow":["GET"]}}],"collection":[{"href":"https:\/\/actionsdavenir95.fr\/index.php\/wp-json\/wp\/v2\/pages"}],"about":[{"href":"https:\/\/actionsdavenir95.fr\/index.php\/wp-json\/wp\/v2\/types\/page"}],"author":[{"embeddable":true,"href":"https:\/\/actionsdavenir95.fr\/index.php\/wp-json\/wp\/v2\/users\/1"}],"replies":[{"embeddable":true,"href":"https:\/\/actionsdavenir95.fr\/index.php\/wp-json\/wp\/v2\/comments?post=11"}],"version-history":[{"count":9,"href":"https:\/\/actionsdavenir95.fr\/index.php\/wp-json\/wp\/v2\/pages\/11\/revisions"}],"predecessor-version":[{"id":212,"href":"https:\/\/actionsdavenir95.fr\/index.php\/wp-json\/wp\/v2\/pages\/11\/revisions\/212"}],"wp:attachment":[{"href":"https:\/\/actionsdavenir95.fr\/index.php\/wp-json\/wp\/v2\/media?parent=11"}],"curies":[{"name":"wp","href":"https:\/\/api.w.org\/{rel}","templated":true}]}}